{"id":81,"date":"2024-10-27T17:46:00","date_gmt":"2024-10-27T17:46:00","guid":{"rendered":"https:\/\/sklep.leesek.pl\/?post_type=product&#038;p=81"},"modified":"2024-10-27T17:46:01","modified_gmt":"2024-10-27T17:46:01","slug":"biedronka-szuka-przyjaciela-wiktoria-juszczel","status":"publish","type":"product","link":"https:\/\/sklep.leesek.pl\/?product=biedronka-szuka-przyjaciela-wiktoria-juszczel","title":{"rendered":"&#8222;Biedronka szuka przyjaciela&#8221; Wiktoria Juszczel"},"content":{"rendered":"<div>Pierwsza, debiutancka ksi\u0105\u017cka Wiktorii Juszczel, kt\u00f3ra pokazuje dzieciom, czym jest przyja\u017a\u0144 i kiedy nie warto anga\u017cowa\u0107 si\u0119 w relacje z drug\u0105 osob\u0105.<\/div>\n<div><\/div>\n<div>Tekst: Wiktoria Juszczel<\/div>\n<div>Ilustracje: Katarzyna Bukiert<\/div>\n<div>Wydawnictwo: BIS<\/div>\n<div>Data wydania: 2022 r.<\/div>\n<div><\/div>\n<div class=\"ui-row\">\n<div>OPIS WYDAWCY:<\/div>\n<div class=\"ui-container description-container\">\n<p>Ma\u0142a biedronka wyrusza w podr\u00f3\u017c, by znale\u017a\u0107 przyjaciela. Okazuje si\u0119, \u017ce to wcale nie jest takie proste. Napotkane owady stawiaj\u0105 jej r\u00f3\u017cne warunki, s\u0105 interesowne, nie maj\u0105 dla niej czasu lub chc\u0105, by by\u0142a kim\u015b innym. Biedronka przy ka\u017cdym spotkaniu przekonuje si\u0119, jaki przyjaciel nie powinien by\u0107. A jaki by\u0107 powinien? Czy biedronce uda si\u0119 go znale\u017a\u0107?<\/p>\n<p>dla dzieci w wieku 4-7 lat<\/p>\n<\/div>\n<\/div>\n<div class=\"ui-row\">Twarda oprawa, 32 strony, wymiary 20 x 25 cm.<\/div>\n","protected":false},"excerpt":{"rendered":"<p>&#8222;Biedronka szuka przyjaciela&#8221; to ksi\u0105\u017cka dla dzieci w wieku od 4 do 6 lat, kt\u00f3ra uczy dzieci, czym jest prawdziwa przyja\u017a\u0144 i w pokazuje, \u017ce nie ka\u017cda napotkana osoba nadaje si\u0119 na przyjaciela.<\/p>\n","protected":false},"featured_media":82,"comment_status":"open","ping_status":"closed","template":"","meta":[],"product_brand":[],"product_cat":[15],"product_tag":[19],"class_list":{"0":"post-81","1":"product","2":"type-product","3":"status-publish","4":"has-post-thumbnail","6":"product_cat-bez-kategorii","7":"product_tag-ksiazka","9":"first","10":"instock","11":"sale","12":"shipping-taxable","13":"purchasable","14":"product-type-simple"},"jetpack_sharing_enabled":true,"_links":{"self":[{"href":"https:\/\/sklep.leesek.pl\/index.php?rest_route=\/wp\/v2\/product\/81","targetHints":{"allow":["GET"]}}],"collection":[{"href":"https:\/\/sklep.leesek.pl\/index.php?rest_route=\/wp\/v2\/product"}],"about":[{"href":"https:\/\/sklep.leesek.pl\/index.php?rest_route=\/wp\/v2\/types\/product"}],"replies":[{"embeddable":true,"href":"https:\/\/sklep.leesek.pl\/index.php?rest_route=%2Fwp%2Fv2%2Fcomments&post=81"}],"wp:featuredmedia":[{"embeddable":true,"href":"https:\/\/sklep.leesek.pl\/index.php?rest_route=\/wp\/v2\/media\/82"}],"wp:attachment":[{"href":"https:\/\/sklep.leesek.pl\/index.php?rest_route=%2Fwp%2Fv2%2Fmedia&parent=81"}],"wp:term":[{"taxonomy":"product_brand","embeddable":true,"href":"https:\/\/sklep.leesek.pl\/index.php?rest_route=%2Fwp%2Fv2%2Fproduct_brand&post=81"},{"taxonomy":"product_cat","embeddable":true,"href":"https:\/\/sklep.leesek.pl\/index.php?rest_route=%2Fwp%2Fv2%2Fproduct_cat&post=81"},{"taxonomy":"product_tag","embeddable":true,"href":"https:\/\/sklep.leesek.pl\/index.php?rest_route=%2Fwp%2Fv2%2Fproduct_tag&post=81"}],"curies":[{"name":"wp","href":"https:\/\/api.w.org\/{rel}","templated":true}]}}